{"id":4801,"date":"2018-10-08T12:06:04","date_gmt":"2018-10-08T10:06:04","guid":{"rendered":"https:\/\/www.aisettenani.it\/it\/?page_id=4801"},"modified":"2018-10-09T11:30:32","modified_gmt":"2018-10-09T09:30:32","slug":"storia-2","status":"publish","type":"page","link":"https:\/\/www.aisettenani.it\/it\/storia-2\/","title":{"rendered":"FAQ"},"content":{"rendered":"<div class=\"wpb-content-wrapper\"><p>[vc_row equal_height=&#8221;yes&#8221; css_animation=&#8221;fadeInUp&#8221; el_id=&#8221;home-first-row&#8221; css=&#8221;.vc_custom_1531146097949{margin-bottom: 0px !important;padding-bottom: 0px !important;}&#8221;][vc_column][vc_row_inner][vc_column_inner width=&#8221;1\/3&#8243;][vc_column_text]<\/p>\n<h2 class=\"page-title\">FAQ &#8211; DOMANDE FREQUENTI<\/h2>\n<div class=\"divider\"><\/div>\n<p>[\/vc_column_text][\/vc_column_inner][vc_column_inner width=&#8221;1\/3&#8243;][\/vc_column_inner][vc_column_inner width=&#8221;1\/3&#8243;][\/vc_column_inner][\/vc_row_inner][\/vc_column][\/vc_row][vc_row equal_height=&#8221;yes&#8221; css_animation=&#8221;fadeInUp&#8221; el_id=&#8221;home-first-row&#8221; css=&#8221;.vc_custom_1531146012555{margin-top: 0px !important;margin-bottom: 0px !important;padding-top: 0px !important;padding-bottom: 0px !important;}&#8221;][vc_column][vc_column_text css=&#8221;.vc_custom_1539069211749{margin-bottom: 0px !important;}&#8221;]<\/p>\n<h3>D: Che tipo di men\u00f9 proponete?<\/h3>\n<p>[\/vc_column_text][vc_column_text css=&#8221;.vc_custom_1539068419477{margin-top: 0px !important;margin-left: 0px !important;}&#8221;]R: Proponiamo piatti a base di <strong>pesce<\/strong>, di <strong>carne<\/strong>, vegetariani, vegani, con attenzione alle allergie o intolleranze che ci vengono rese note.[\/vc_column_text][vc_column_text css=&#8221;.vc_custom_1539069241238{margin-bottom: 0px !important;}&#8221;]<\/p>\n<h3>D: Si possono fare cene a sorpresa?<\/h3>\n<p>[\/vc_column_text][vc_column_text css=&#8221;.vc_custom_1539069249740{margin-top: 0px !important;}&#8221;]R: Certo, vi aiutiamo a organizzare il tutto: dalla<strong> cena regalo<\/strong>, che trovi nel nostro sito, ad un evento intimo e romantico, con e fiori finali, a feste pi\u00f9 impegnative.[\/vc_column_text][vc_column_text css=&#8221;.vc_custom_1539069280014{margin-bottom: 0px !important;}&#8221;]<\/p>\n<h3>D:\u00a0Il ristorante \u00e8 adatto per festeggiare un <strong>MATRIMONIO<\/strong>?<\/h3>\n<p>[\/vc_column_text][vc_column_text css=&#8221;.vc_custom_1539069287917{margin-top: 0px !important;}&#8221;]R: Certo vi invitiamo a contattarci per avere tutte le informazioni personalizzate.[\/vc_column_text][vc_column_text css=&#8221;.vc_custom_1539069301574{margin-bottom: 0px !important;}&#8221;]<\/p>\n<h3>D:\u00a0Si pu\u00f2 celebrare il matrimonio con rito civile, celebrato dal Sindaco?<\/h3>\n<p>[\/vc_column_text][vc_column_text css=&#8221;.vc_custom_1539069315869{margin-top: 0px !important;}&#8221;]R: \u00c8 possibile celebrare il <strong>rito civile, rito simbolico e unione civile<\/strong> direttamente ai Sette Nani, dove il sindaco celebrer\u00e0 la vostra unione e dove tutti i vostri inviati potranno vedere e partecipare alla cerimonia senza perdere nessun magico momento.[\/vc_column_text][vc_column_text css=&#8221;.vc_custom_1539069325829{margin-bottom: 0px !important;}&#8221;]<\/p>\n<h3>D:\u00a0E\u2019 possibile fare FESTE di <strong>laurea<\/strong>?<\/h3>\n<p>[\/vc_column_text][vc_column_text css=&#8221;.vc_custom_1539069332877{margin-top: 0px !important;}&#8221;]R: Certamente, l\u2019organizzazione viene stabilita assieme: formale, informale, a buffet, apericena con musica, all\u2019aperto nel nostro parco o in sala. Naturalmente si festeggiano anche altre ricorrenze: <strong>battesimi, cresime, compleanni e anniversari.<\/strong>[\/vc_column_text][vc_column_text css=&#8221;.vc_custom_1539069344590{margin-bottom: 0px !important;}&#8221;]<\/p>\n<h3>D:\u00a0Si pu\u00f2 riservare una zona del locale per la nostra festa?<\/h3>\n<p>[\/vc_column_text][vc_column_text css=&#8221;.vc_custom_1539069930367{margin-top: 0px !important;}&#8221;]R: Concordando il tutto, certamente.[\/vc_column_text][vc_column_text css=&#8221;.vc_custom_1539069383775{margin-bottom: 0px !important;}&#8221;]<\/p>\n<h3>D: Disponete di men\u00f9 fissi?<\/h3>\n<p>[\/vc_column_text][vc_column_text css=&#8221;.vc_custom_1539069937238{margin-top: 0px !important;}&#8221;]R: Normalmente no, personalizziamo al massimo gli eventi, seguendo le richieste; per eventi importanti o che coinvolgono molte persone, viene organizzata la degustazione del men\u00f9 concordato.[\/vc_column_text][vc_column_text css=&#8221;.vc_custom_1539069392535{margin-bottom: 0px !important;}&#8221;]<\/p>\n<h3>D:\u00a0Organizzate serate a tema?<\/h3>\n<p>[\/vc_column_text][vc_column_text css=&#8221;.vc_custom_1539069950382{margin-top: 0px !important;}&#8221;]R: Certamente, lasciaci la tua mail, ti terremo aggiornato. Spesso facciamo conoscere e valorizzare i prodotti della zona, sempre abbinati a vini locali e\/o di pregio; altre volte sono di puro relax per stare in compagnia, tra amici, lungo le rive del Piave; un luogo ideale per gustarsi un piacevole momento di tranquillit\u00e0 dopo una lunga giornata[\/vc_column_text][vc_column_text css=&#8221;.vc_custom_1539069400485{margin-bottom: 0px !important;}&#8221;]<\/p>\n<h3>D:\u00a0Fate anche servizio CATERING?<\/h3>\n<p>[\/vc_column_text][vc_column_text css=&#8221;.vc_custom_1539069961502{margin-top: 0px !important;}&#8221;]R: Certamente, per andare incontro alle esigenze dei nostri clienti, realizziamo il vostro festeggiamento nella location a voi gradita oppure a casa vostra, garantendo la nostra esperienza, professionalit\u00e0 e riservatezza.[\/vc_column_text][vc_column_text css=&#8221;.vc_custom_1539069409215{margin-bottom: 0px !important;}&#8221;]<\/p>\n<h3>D:\u00a0Il ristorante prevede convenzioni con aziende?<\/h3>\n<p>[\/vc_column_text][vc_column_text css=&#8221;.vc_custom_1539069970357{margin-top: 0px !important;}&#8221;]R: Certo la invito a contattarci per richiedere un servizio personalizzato (men\u00f9 aziendali, cene regalo per i clienti, buoni omaggio per i dipendenti, men\u00f9 a prezzo fisso, ecc\u2026).[\/vc_column_text][vc_column_text css=&#8221;.vc_custom_1539069417949{margin-bottom: 0px !important;}&#8221;]<\/p>\n<h3>D:\u00a0Avete MENU\u2019 del giorno?<\/h3>\n<p>[\/vc_column_text][vc_column_text css=&#8221;.vc_custom_1539069974126{margin-top: 0px !important;}&#8221;]R: Li prepariamo a pranzo, nei giorni feriali, con possibilit\u00e0 di invio del men\u00f9 in mattinata; spesso proponiamo dei men\u00f9 degustazione.[\/vc_column_text][vc_column_text css=&#8221;.vc_custom_1539069424853{margin-bottom: 0px !important;}&#8221;]<\/p>\n<h3>D: Il ristorante \u00e8 adatto ai bambini?<\/h3>\n<p>[\/vc_column_text][vc_column_text css=&#8221;.vc_custom_1539069455893{margin-top: 0px !important;}&#8221;]R: Direi che il locale E\u2019 per i bambini: AMPIO parcheggio, nessun pericolo di strade, vasti spazi per giocare sotto il controllo dei genitori, men\u00f9 adatto per i pi\u00f9 piccoli.[\/vc_column_text][vc_column_text css=&#8221;.vc_custom_1539069432126{margin-bottom: 0px !important;}&#8221;]<\/p>\n<h3>D:\u00a0E\u2019 consentito l\u2019accesso ai cani?<\/h3>\n<p>[\/vc_column_text][vc_column_text css=&#8221;.vc_custom_1539069450013{margin-top: 0px !important;}&#8221;]R: Amiamo gli animali, che sono sempre i benvenuti, se sono educati. Il buon senso e l\u2019esperienza ci fanno sottolineare che se in sala dovessero esserci ospiti allergici o paurosi, dovremmo decidere noi il vostro tavolo. Naturalmente sempre meglio avvisare.[\/vc_column_text][vc_column_text css=&#8221;.vc_custom_1539069438438{margin-bottom: 0px !important;}&#8221;]<\/p>\n<h3>D: Si possono organizzare meeting?<\/h3>\n<p>[\/vc_column_text][vc_column_text css=&#8221;.vc_custom_1539069444213{margin-top: 0px !important;}&#8221;]R: Certo disponiamo di un\u2019ampia sala, con attrezzatura adeguata.[\/vc_column_text][\/vc_column][\/vc_row][vc_row equal_height=&#8221;yes&#8221; css_animation=&#8221;fadeInUp&#8221; css=&#8221;.vc_custom_1531915374299{margin-top: 0px !important;margin-bottom: 0px !important;padding-top: 0px !important;padding-bottom: 0px !important;}&#8221;][vc_column][vc_empty_space][\/vc_column][\/vc_row]<\/p>\n<\/div>","protected":false},"excerpt":{"rendered":"<p>[vc_row equal_height=&#8221;yes&#8221; css_animation=&#8221;fadeInUp&#8221; el_id=&#8221;home-first-row&#8221; css=&#8221;.vc_custom_1531146097949{margin-bottom: 0px !important;padding-bottom: 0px !important;}&#8221;][vc_column][vc_row_inner][vc_column_inner width=&#8221;1\/3&#8243;][vc_column_text] FAQ &#8211; DOMANDE FREQUENTI [\/vc_column_text][\/vc_column_inner][vc_column_inner width=&#8221;1\/3&#8243;][\/vc_column_inner][vc_column_inner width=&#8221;1\/3&#8243;][\/vc_column_inner][\/vc_row_inner][\/vc_column][\/vc_row][vc_row equal_height=&#8221;yes&#8221; css_animation=&#8221;fadeInUp&#8221; el_id=&#8221;home-first-row&#8221; css=&#8221;.vc_custom_1531146012555{margin-top: 0px !important;margin-bottom: 0px !important;padding-top: 0px !important;padding-bottom: 0px !important;}&#8221;][vc_column][vc_column_text css=&#8221;.vc_custom_1539069211749{margin-bottom: 0px !important;}&#8221;] D: Che tipo di men\u00f9 proponete? [\/vc_column_text][vc_column_text css=&#8221;.vc_custom_1539068419477{margin-top: 0px !important;margin-left: 0px !important;}&#8221;]R: Proponiamo piatti a base di pesce, di carne, vegetariani, vegani, con [&hellip;]<\/p>\n","protected":false},"author":25,"featured_media":4804,"parent":0,"menu_order":0,"comment_status":"closed","ping_status":"closed","template":"","meta":{"_acf_changed":false,"inline_featured_image":false,"footnotes":""},"class_list":["post-4801","page","type-page","status-publish","has-post-thumbnail","hentry"],"acf":[],"_links":{"self":[{"href":"https:\/\/www.aisettenani.it\/it\/wp-json\/wp\/v2\/pages\/4801","targetHints":{"allow":["GET"]}}],"collection":[{"href":"https:\/\/www.aisettenani.it\/it\/wp-json\/wp\/v2\/pages"}],"about":[{"href":"https:\/\/www.aisettenani.it\/it\/wp-json\/wp\/v2\/types\/page"}],"author":[{"embeddable":true,"href":"https:\/\/www.aisettenani.it\/it\/wp-json\/wp\/v2\/users\/25"}],"replies":[{"embeddable":true,"href":"https:\/\/www.aisettenani.it\/it\/wp-json\/wp\/v2\/comments?post=4801"}],"version-history":[{"count":15,"href":"https:\/\/www.aisettenani.it\/it\/wp-json\/wp\/v2\/pages\/4801\/revisions"}],"predecessor-version":[{"id":4867,"href":"https:\/\/www.aisettenani.it\/it\/wp-json\/wp\/v2\/pages\/4801\/revisions\/4867"}],"wp:featuredmedia":[{"embeddable":true,"href":"https:\/\/www.aisettenani.it\/it\/wp-json\/wp\/v2\/media\/4804"}],"wp:attachment":[{"href":"https:\/\/www.aisettenani.it\/it\/wp-json\/wp\/v2\/media?parent=4801"}],"curies":[{"name":"wp","href":"https:\/\/api.w.org\/{rel}","templated":true}]}}