{"id":4810,"date":"2018-10-08T13:37:52","date_gmt":"2018-10-08T11:37:52","guid":{"rendered":"https:\/\/www.aisettenani.it\/it\/?page_id=4810"},"modified":"2018-10-09T11:28:52","modified_gmt":"2018-10-09T09:28:52","slug":"ristorante-2","status":"publish","type":"page","link":"https:\/\/www.aisettenani.it\/it\/ristorante-2\/","title":{"rendered":"Catering"},"content":{"rendered":"<div class=\"wpb-content-wrapper\"><p>[vc_row equal_height=&#8221;yes&#8221; css_animation=&#8221;fadeInUp&#8221; el_id=&#8221;home-first-row&#8221; css=&#8221;.vc_custom_1531146097949{margin-bottom: 0px !important;padding-bottom: 0px !important;}&#8221;][vc_column][vc_row_inner][vc_column_inner width=&#8221;1\/3&#8243;][vc_column_text]<\/p>\n<h2 class=\"page-title\">MATRIMONIO ED<br \/>\nEVENTI PRIVATI<\/h2>\n<p>[\/vc_column_text][\/vc_column_inner][vc_column_inner width=&#8221;1\/3&#8243;][\/vc_column_inner][vc_column_inner width=&#8221;1\/3&#8243;][\/vc_column_inner][\/vc_row_inner][\/vc_column][\/vc_row][vc_row equal_height=&#8221;yes&#8221; css_animation=&#8221;fadeInUp&#8221; el_id=&#8221;home-first-row&#8221; css=&#8221;.vc_custom_1531146012555{margin-top: 0px !important;margin-bottom: 0px !important;padding-top: 0px !important;padding-bottom: 0px !important;}&#8221;][vc_column][vc_row_inner][vc_column_inner][vc_column_text]Disponiamo inoltre di tutta l\u2019attrezzatura per la realizzazione di ricevimenti e banchetti presso <strong>ville antiche, barchesse, sedi di prestigio e \u2026 perch\u00e9 no \u2026 a casa vostra<\/strong>, con la seriet\u00e0 e la riservatezza che ci contraddistinguono.[\/vc_column_text][\/vc_column_inner][\/vc_row_inner][\/vc_column][\/vc_row][vc_row equal_height=&#8221;yes&#8221; css_animation=&#8221;fadeInUp&#8221; css=&#8221;.vc_custom_1538998969722{margin-top: 0px !important;margin-bottom: 0px !important;padding-top: 0px !important;padding-bottom: 0px !important;}&#8221; el_id=&#8221;home-first-row&#8221;][vc_column][vc_row_inner][vc_column_inner width=&#8221;1\/2&#8243;][vc_column_text]<strong>Matrimonio, Battesimo, Laurea o Anniversario, una festa di Compleanno, la Cena in famiglia o quella serata speciale alla quale si vuole proprio dare un tocco in pi\u00f9<\/strong>: sono molte le occasioni e i momenti della vita che si desidera celebrare e ricordare in modo particolare.<\/p>\n<p>Dal ricevimento al rinfresco, dal buffet alla romantica cena per due, <strong>\u201cai Sette Nani\u201d<\/strong> sar\u00e0 al tuo fianco, nell\u2019organizzare e <strong>realizzare l\u2019atmosfera che desideri nella location di tuo gradimento.<\/strong>[\/vc_column_text][\/vc_column_inner][vc_column_inner width=&#8221;1\/2&#8243;][vc_column_text]La nostra cucina \u00e8 espressa, abbiamo tutte le attrezzature necessarie per cucinare sul posto garantendoVi cos\u00ec piatti prelibati e genuini. Il servizio \u00e8 veloce ed efficiente, per non portare via troppo tempo alla festa; ci piace molto lavorare davanti ai Vostri ospiti, \u00e8 sempre curioso vedere gli Chef all\u2019opera!<\/p>\n<p><strong>Claudio<\/strong>, con la sua esperienza sapr\u00e0 consigliarvi al meglio nella scelta del men\u00f9 e nella definizione degli allestimenti, curando ogni dettaglio, per ottenere l\u2019atmosfera desiderata, con lo stile e il gusto che vi contraddistingue.[\/vc_column_text][\/vc_column_inner][\/vc_row_inner][\/vc_column][\/vc_row][vc_row equal_height=&#8221;yes&#8221; css_animation=&#8221;fadeInUp&#8221; el_id=&#8221;home-first-row&#8221; css=&#8221;.vc_custom_1531146343288{margin-top: 0px !important;margin-bottom: 0px !important;padding-top: 0px !important;padding-bottom: 0px !important;}&#8221;][vc_column][vc_row_inner equal_height=&#8221;yes&#8221;][vc_column_inner css=&#8221;.vc_custom_1531213446891{padding-left: 0px !important;}&#8221;][vc_media_grid element_width=&#8221;3&#8243; grid_id=&#8221;vc_gid:1539077313049-61bab274-ef35-9&#8243; include=&#8221;4812,4813,4814,4815&#8243; css=&#8221;.vc_custom_1538998654964{margin-bottom: 10px !important;padding-right: 0px !important;padding-bottom: 0px !important;}&#8221;][\/vc_column_inner][\/vc_row_inner][\/vc_column][\/vc_row]<\/p>\n<\/div>","protected":false},"excerpt":{"rendered":"<p>[vc_row equal_height=&#8221;yes&#8221; css_animation=&#8221;fadeInUp&#8221; el_id=&#8221;home-first-row&#8221; css=&#8221;.vc_custom_1531146097949{margin-bottom: 0px !important;padding-bottom: 0px !important;}&#8221;][vc_column][vc_row_inner][vc_column_inner width=&#8221;1\/3&#8243;][vc_column_text] MATRIMONIO ED EVENTI PRIVATI [\/vc_column_text][\/vc_column_inner][vc_column_inner width=&#8221;1\/3&#8243;][\/vc_column_inner][vc_column_inner width=&#8221;1\/3&#8243;][\/vc_column_inner][\/vc_row_inner][\/vc_column][\/vc_row][vc_row equal_height=&#8221;yes&#8221; css_animation=&#8221;fadeInUp&#8221; el_id=&#8221;home-first-row&#8221; css=&#8221;.vc_custom_1531146012555{margin-top: 0px !important;margin-bottom: 0px !important;padding-top: 0px !important;padding-bottom: 0px !important;}&#8221;][vc_column][vc_row_inner][vc_column_inner][vc_column_text]Disponiamo inoltre di tutta l\u2019attrezzatura per la realizzazione di ricevimenti e banchetti presso ville antiche, barchesse, sedi di prestigio e \u2026 perch\u00e9 no \u2026 a casa vostra, [&hellip;]<\/p>\n","protected":false},"author":25,"featured_media":4811,"parent":0,"menu_order":0,"comment_status":"closed","ping_status":"closed","template":"","meta":{"_acf_changed":false,"inline_featured_image":false,"footnotes":""},"class_list":["post-4810","page","type-page","status-publish","has-post-thumbnail","hentry"],"acf":[],"_links":{"self":[{"href":"https:\/\/www.aisettenani.it\/it\/wp-json\/wp\/v2\/pages\/4810","targetHints":{"allow":["GET"]}}],"collection":[{"href":"https:\/\/www.aisettenani.it\/it\/wp-json\/wp\/v2\/pages"}],"about":[{"href":"https:\/\/www.aisettenani.it\/it\/wp-json\/wp\/v2\/types\/page"}],"author":[{"embeddable":true,"href":"https:\/\/www.aisettenani.it\/it\/wp-json\/wp\/v2\/users\/25"}],"replies":[{"embeddable":true,"href":"https:\/\/www.aisettenani.it\/it\/wp-json\/wp\/v2\/comments?post=4810"}],"version-history":[{"count":5,"href":"https:\/\/www.aisettenani.it\/it\/wp-json\/wp\/v2\/pages\/4810\/revisions"}],"predecessor-version":[{"id":4865,"href":"https:\/\/www.aisettenani.it\/it\/wp-json\/wp\/v2\/pages\/4810\/revisions\/4865"}],"wp:featuredmedia":[{"embeddable":true,"href":"https:\/\/www.aisettenani.it\/it\/wp-json\/wp\/v2\/media\/4811"}],"wp:attachment":[{"href":"https:\/\/www.aisettenani.it\/it\/wp-json\/wp\/v2\/media?parent=4810"}],"curies":[{"name":"wp","href":"https:\/\/api.w.org\/{rel}","templated":true}]}}