{"id":5035,"date":"2020-04-30T08:20:38","date_gmt":"2020-04-30T06:20:38","guid":{"rendered":"https:\/\/www.aisettenani.it\/it\/?page_id=5035"},"modified":"2020-05-06T17:48:47","modified_gmt":"2020-05-06T15:48:47","slug":"cucina-2","status":"publish","type":"page","link":"https:\/\/www.aisettenani.it\/it\/cucina-2\/","title":{"rendered":"DITTE"},"content":{"rendered":"<div class=\"wpb-content-wrapper\"><p>[vc_row equal_height=&#8221;yes&#8221; css_animation=&#8221;fadeInUp&#8221; el_id=&#8221;home-first-row&#8221; css=&#8221;.vc_custom_1531150202197{margin-bottom: 0px !important;padding-bottom: 0px !important;}&#8221;][vc_column][vc_row_inner][vc_column_inner width=&#8221;1\/3&#8243;][vc_column_text]<\/p>\n<h2>CONSEGNA A DOMICILIO PRESSO LA TUA AZIENDA<\/h2>\n<p>[\/vc_column_text][\/vc_column_inner][vc_column_inner width=&#8221;1\/3&#8243;][\/vc_column_inner][vc_column_inner width=&#8221;1\/3&#8243;][\/vc_column_inner][\/vc_row_inner][\/vc_column][\/vc_row][vc_row equal_height=&#8221;yes&#8221; css_animation=&#8221;fadeInUp&#8221; el_id=&#8221;home-first-row&#8221; css=&#8221;.vc_custom_1531146012555{margin-top: 0px !important;margin-bottom: 0px !important;padding-top: 0px !important;padding-bottom: 0px !important;}&#8221;][vc_column][vc_row_inner][vc_column_inner width=&#8221;1\/2&#8243;][vc_column_text]Abbiamo attivo il servizio di\u00a0<strong>delivery pasti espressi<\/strong>\u00a0per aziende e piccole attivit\u00e0 che hanno bisogno di ricevere, in ufficio, in sede, in cantiere per i vostri dipendenti\u00a0<strong>pasti sani e genuini<\/strong>\u00a0con una filiera controllata in linea con gli ultimi provvedimenti dei DPCM.<\/p>\n<p>Il servizio \u00e8 chiavi in mano, con\u00a0<strong>men\u00f9 personalizzati<\/strong>. Dovete solo scegliere cosa mangiare, al resto pensiamo noi.[\/vc_column_text][\/vc_column_inner][vc_column_inner width=&#8221;1\/2&#8243;][vc_column_text]In base alle vostre esigenze creiamo la soluzione perfetta per garantire la massima sicurezza ai vostri dipendenti e alla vostra azienda.<\/p>\n<p><strong>Siamo operativi 7 giorni su 7 dal servizio di welcome coffe al lunch e, i cocktail e cena \u00a0con consegna nella vostra zona<\/strong>.<\/p>\n<p>Possiamo proporvi varie modalit\u00e0 di servizio dalle proposte light ai men\u00f9 pi\u00f9 strutturati direttamente da voi in base ai vostri orari.[\/vc_column_text][\/vc_column_inner][\/vc_row_inner][\/vc_column][\/vc_row][vc_row equal_height=&#8221;yes&#8221; css_animation=&#8221;fadeInUp&#8221; css=&#8221;.vc_custom_1531146012555{margin-top: 0px !important;margin-bottom: 0px !important;padding-top: 0px !important;padding-bottom: 0px !important;}&#8221;][vc_column][vc_separator el_width=&#8221;90&#8243;][\/vc_column][\/vc_row][vc_row equal_height=&#8221;yes&#8221; el_id=&#8221;home-first-row&#8221;][vc_column][vc_media_grid element_width=&#8221;3&#8243; gap=&#8221;10&#8243; grid_id=&#8221;vc_gid:1588779867995-76010f233dc93ea04ecc6d0082d91a05-7&#8243; include=&#8221;4697,4698,4691,4693&#8243;][\/vc_column][\/vc_row][vc_row equal_height=&#8221;yes&#8221; el_id=&#8221;row-client-photo&#8221;][vc_column][vc_media_grid element_width=&#8221;3&#8243; gap=&#8221;10&#8243; grid_id=&#8221;vc_gid:1588779868683-16c4b7a043e0675e776fc04dcfe9f573-10&#8243; include=&#8221;4688,4694,4692,4690&#8243;][\/vc_column][\/vc_row]<\/p>\n<\/div>","protected":false},"excerpt":{"rendered":"<p>[vc_row equal_height=&#8221;yes&#8221; css_animation=&#8221;fadeInUp&#8221; el_id=&#8221;home-first-row&#8221; css=&#8221;.vc_custom_1531150202197{margin-bottom: 0px !important;padding-bottom: 0px !important;}&#8221;][vc_column][vc_row_inner][vc_column_inner width=&#8221;1\/3&#8243;][vc_column_text] CONSEGNA A DOMICILIO PRESSO LA TUA AZIENDA [\/vc_column_text][\/vc_column_inner][vc_column_inner width=&#8221;1\/3&#8243;][\/vc_column_inner][vc_column_inner width=&#8221;1\/3&#8243;][\/vc_column_inner][\/vc_row_inner][\/vc_column][\/vc_row][vc_row equal_height=&#8221;yes&#8221; css_animation=&#8221;fadeInUp&#8221; el_id=&#8221;home-first-row&#8221; css=&#8221;.vc_custom_1531146012555{margin-top: 0px !important;margin-bottom: 0px !important;padding-top: 0px !important;padding-bottom: 0px !important;}&#8221;][vc_column][vc_row_inner][vc_column_inner width=&#8221;1\/2&#8243;][vc_column_text]Abbiamo attivo il servizio di\u00a0delivery pasti espressi\u00a0per aziende e piccole attivit\u00e0 che hanno bisogno di ricevere, in ufficio, in sede, in cantiere per [&hellip;]<\/p>\n","protected":false},"author":25,"featured_media":4647,"parent":0,"menu_order":0,"comment_status":"closed","ping_status":"closed","template":"","meta":{"_acf_changed":false,"inline_featured_image":false,"footnotes":""},"class_list":["post-5035","page","type-page","status-publish","has-post-thumbnail","hentry"],"acf":[],"_links":{"self":[{"href":"https:\/\/www.aisettenani.it\/it\/wp-json\/wp\/v2\/pages\/5035","targetHints":{"allow":["GET"]}}],"collection":[{"href":"https:\/\/www.aisettenani.it\/it\/wp-json\/wp\/v2\/pages"}],"about":[{"href":"https:\/\/www.aisettenani.it\/it\/wp-json\/wp\/v2\/types\/page"}],"author":[{"embeddable":true,"href":"https:\/\/www.aisettenani.it\/it\/wp-json\/wp\/v2\/users\/25"}],"replies":[{"embeddable":true,"href":"https:\/\/www.aisettenani.it\/it\/wp-json\/wp\/v2\/comments?post=5035"}],"version-history":[{"count":4,"href":"https:\/\/www.aisettenani.it\/it\/wp-json\/wp\/v2\/pages\/5035\/revisions"}],"predecessor-version":[{"id":5066,"href":"https:\/\/www.aisettenani.it\/it\/wp-json\/wp\/v2\/pages\/5035\/revisions\/5066"}],"wp:featuredmedia":[{"embeddable":true,"href":"https:\/\/www.aisettenani.it\/it\/wp-json\/wp\/v2\/media\/4647"}],"wp:attachment":[{"href":"https:\/\/www.aisettenani.it\/it\/wp-json\/wp\/v2\/media?parent=5035"}],"curies":[{"name":"wp","href":"https:\/\/api.w.org\/{rel}","templated":true}]}}